{"id":3,"date":"2023-10-26T06:28:30","date_gmt":"2023-10-26T04:28:30","guid":{"rendered":"https:\/\/transportesymudanzasmartinez.com\/?page_id=3"},"modified":"2023-10-26T20:46:19","modified_gmt":"2023-10-27T01:46:19","slug":"politica-privacidad","status":"publish","type":"page","link":"https:\/\/transportesymudanzasmartinez.com\/?page_id=3","title":{"rendered":"Pol\u00edtica de privacidad"},"content":{"rendered":"\t\t<div data-elementor-type=\"wp-page\" data-elementor-id=\"3\" class=\"elementor elementor-3\" data-elementor-post-type=\"page\">\n\t\t\t\t<div class=\"elementor-element elementor-element-3ebf99b3 e-flex e-con-boxed e-con e-parent\" data-id=\"3ebf99b3\" data-element_type=\"container\" data-settings=\"{&quot;_ob_use_container_extras&quot;:&quot;no&quot;,&quot;_ob_column_hoveranimator&quot;:&quot;no&quot;,&quot;_ob_glider_is_slider&quot;:&quot;no&quot;,&quot;_ob_column_has_pseudo&quot;:&quot;no&quot;}\">\n\t\t\t\t\t<div class=\"e-con-inner\">\n\t\t\t\t<div class=\"elementor-element elementor-element-fafea69 ob-harakiri-inherit ob-has-background-overlay elementor-widget elementor-widget-heading\" data-id=\"fafea69\" data-element_type=\"widget\" data-settings=\"{&quot;_ob_use_harakiri&quot;:&quot;yes&quot;,&quot;_ob_harakiri_writing_mode&quot;:&quot;inherit&quot;,&quot;_ob_harakiri_text_clip&quot;:&quot;none&quot;,&quot;_ob_perspektive_use&quot;:&quot;no&quot;,&quot;_ob_poopart_use&quot;:&quot;yes&quot;,&quot;_ob_shadough_use&quot;:&quot;no&quot;,&quot;_ob_allow_hoveranimator&quot;:&quot;no&quot;,&quot;_ob_widget_stalker_use&quot;:&quot;no&quot;}\" data-widget_type=\"heading.default\">\n\t\t\t\t<div class=\"elementor-widget-container\">\n\t\t\t\t\t<h2 class=\"elementor-heading-title elementor-size-default\">Aviso de Privacidad<\/h2>\t\t\t\t<\/div>\n\t\t\t\t<\/div>\n\t\t\t\t<div class=\"elementor-element elementor-element-4a501453 ob-harakiri-inherit ob-has-background-overlay elementor-widget elementor-widget-text-editor\" data-id=\"4a501453\" data-element_type=\"widget\" data-settings=\"{&quot;_ob_use_harakiri&quot;:&quot;yes&quot;,&quot;_ob_harakiri_writing_mode&quot;:&quot;inherit&quot;,&quot;_ob_postman_use&quot;:&quot;no&quot;,&quot;_ob_perspektive_use&quot;:&quot;no&quot;,&quot;_ob_poopart_use&quot;:&quot;yes&quot;,&quot;_ob_shadough_use&quot;:&quot;no&quot;,&quot;_ob_allow_hoveranimator&quot;:&quot;no&quot;,&quot;_ob_widget_stalker_use&quot;:&quot;no&quot;}\" data-widget_type=\"text-editor.default\">\n\t\t\t\t<div class=\"elementor-widget-container\">\n\t\t\t\t\t\t\t\t\t<p><strong>Mudanzas Mart\u00ednez<\/strong>\u00a0 est\u00e1 comprometida en proteger la privacidad y los datos personales de nuestros clientes y usuarios. Este aviso de privacidad tiene como objetivo informarte sobre c\u00f3mo recopilamos, utilizamos y protegemos tus datos personales.<\/p>\n<p><strong>Datos Personales Recopilados<\/strong><\/p>\n<p>Podemos recopilar informaci\u00f3n personal de diversas maneras, que incluyen, pero no se limitan a:<\/p>\n<ul>\n<li>Nombre y apellidos<\/li>\n<li>Direcci\u00f3n<\/li>\n<li>N\u00famero de tel\u00e9fono<\/li>\n<li>Direcci\u00f3n de correo electr\u00f3nico<\/li>\n<li>Detalles de la mudanza, como fechas y ubicaciones<\/li>\n<li>Informaci\u00f3n de pago<\/li>\n<\/ul>\n<p>\u00a0<\/p>\n<p><strong>Uso de Datos Personales<\/strong><\/p>\n<p>Utilizamos los datos personales recopilados con el prop\u00f3sito de:<\/p>\n<ul>\n<li>Proporcionar cotizaciones y servicios de mudanza<\/li>\n<li>Comunicarnos contigo sobre tu mudanza y responder a tus consultas<\/li>\n<li>Facturaci\u00f3n y procesamiento de pagos<\/li>\n<li>Cumplir con obligaciones legales y regulatorias<\/li>\n<\/ul>\n<p>\u00a0<\/p>\n<p><strong>Protecci\u00f3n de Datos Personales<\/strong><\/p>\n<p>Mudanzas Mart\u00ednez se compromete a proteger tus datos personales y a mantener la confidencialidad de la informaci\u00f3n proporcionada. Implementamos medidas de seguridad adecuadas para evitar el acceso no autorizado, la divulgaci\u00f3n, la alteraci\u00f3n o la destrucci\u00f3n de tus datos personales.<\/p>\n<p>\u00a0<\/p>\n<p><strong>Divulgaci\u00f3n de Datos Personales<\/strong><\/p>\n<p>No compartiremos tus datos personales con terceros a menos que sea necesario para cumplir con los prop\u00f3sitos mencionados anteriormente o cuando la ley lo requiera. En tales casos, garantizaremos que se cumplan las obligaciones legales de protecci\u00f3n de datos.<\/p>\n<p>\u00a0<\/p>\n<p><strong>Derechos del Titular de los Datos<\/strong><\/p>\n<p>Tienes el derecho de acceder, rectificar, cancelar u oponerte al tratamiento de tus datos personales. Para ejercer estos derechos, por favor comun\u00edcate con nuestro equipo de atenci\u00f3n al cliente.<\/p>\n<p>\u00a0<\/p>\n<p><strong>Cambios en el Aviso de Privacidad<\/strong><\/p>\n<p>Nos reservamos el derecho de actualizar y modificar este aviso de privacidad en cualquier momento. Cualquier cambio se comunicar\u00e1 a trav\u00e9s de nuestro sitio web u otros medios apropiados.<\/p>\n<p><strong>Contacto<\/strong><\/p>\n<p>Si tienes alguna pregunta o inquietud sobre nuestra pol\u00edtica de privacidad o el tratamiento de tus datos personales, no dudes en contactarnos:<\/p>\n<ul>\n<li><strong>Direcci\u00f3n de Correo Electr\u00f3nico: <\/strong>mudanzas@contacto.com<\/li>\n<li><strong>Tel\u00e9fono de Atenci\u00f3n al Cliente:<\/strong> 222 676 54 23<\/li>\n<\/ul>\n<p>\u00a0<\/p>\n<p>Agradecemos la confianza que depositas en Mudanzas Mart\u00ednez. Tu privacidad y seguridad son fundamentales para nosotros, y nos comprometemos a proteger tus datos personales de acuerdo con las leyes aplicables.<\/p>\t\t\t\t\t\t\t\t<\/div>\n\t\t\t\t<\/div>\n\t\t\t\t\t<\/div>\n\t\t\t\t<\/div>\n\t\t\t\t<\/div>\n\t\t","protected":false},"excerpt":{"rendered":"<p>Aviso de Privacidad Mudanzas Mart\u00ednez\u00a0 est\u00e1 comprometida en proteger la privacidad y los datos personales de nuestros clientes y usuarios. Este aviso de privacidad tiene como objetivo informarte sobre c\u00f3mo recopilamos, utilizamos y protegemos tus datos personales. Datos Personales Recopilados Podemos recopilar informaci\u00f3n personal de diversas maneras, que incluyen, pero no se limitan a: Nombre [&hellip;]<\/p>\n","protected":false},"author":1,"featured_media":0,"parent":0,"menu_order":0,"comment_status":"closed","ping_status":"open","template":"","meta":{"_joinchat":[],"footnotes":""},"class_list":["post-3","page","type-page","status-publish","hentry"],"_links":{"self":[{"href":"https:\/\/transportesymudanzasmartinez.com\/index.php?rest_route=\/wp\/v2\/pages\/3","targetHints":{"allow":["GET"]}}],"collection":[{"href":"https:\/\/transportesymudanzasmartinez.com\/index.php?rest_route=\/wp\/v2\/pages"}],"about":[{"href":"https:\/\/transportesymudanzasmartinez.com\/index.php?rest_route=\/wp\/v2\/types\/page"}],"author":[{"embeddable":true,"href":"https:\/\/transportesymudanzasmartinez.com\/index.php?rest_route=\/wp\/v2\/users\/1"}],"replies":[{"embeddable":true,"href":"https:\/\/transportesymudanzasmartinez.com\/index.php?rest_route=%2Fwp%2Fv2%2Fcomments&post=3"}],"version-history":[{"count":6,"href":"https:\/\/transportesymudanzasmartinez.com\/index.php?rest_route=\/wp\/v2\/pages\/3\/revisions"}],"predecessor-version":[{"id":136,"href":"https:\/\/transportesymudanzasmartinez.com\/index.php?rest_route=\/wp\/v2\/pages\/3\/revisions\/136"}],"wp:attachment":[{"href":"https:\/\/transportesymudanzasmartinez.com\/index.php?rest_route=%2Fwp%2Fv2%2Fmedia&parent=3"}],"curies":[{"name":"wp","href":"https:\/\/api.w.org\/{rel}","templated":true}]}}